{"id":20836,"date":"2023-11-16T15:51:19","date_gmt":"2023-11-16T14:51:19","guid":{"rendered":"https:\/\/www.devriestrappen.nl\/trappenmaat\/?page_id=20836"},"modified":"2024-12-02T16:49:35","modified_gmt":"2024-12-02T15:49:35","slug":"trappenfabriek-belgie","status":"publish","type":"page","link":"https:\/\/www.devriestrappen.nl\/trappenmaat\/trappenfabriek-belgie\/","title":{"rendered":"Trappenfabriek Belgi\u00eb"},"content":{"rendered":"","protected":false},"excerpt":{"rendered":"","protected":false},"author":5,"featured_media":0,"parent":0,"menu_order":0,"comment_status":"closed","ping_status":"closed","template":"","meta":{"_acf_changed":false,"footnotes":""},"class_list":["post-20836","page","type-page","status-publish","hentry"],"acf":[],"yoast_head":"<!-- This site is optimized with the Yoast SEO plugin v27.2 - https:\/\/yoast.com\/product\/yoast-seo-wordpress\/ -->\n<title>Trappenfabriek Belgi\u00eb | Trappenmaat | Bestel een bouwpakket!<\/title>\n<meta name=\"description\" content=\"Op zoek naar een trappenfabriek in Belgi\u00eb? Trappenmaat is d\u00e9 webshop die jij nodig hebt. Je bouwpakket wordt aan huis bezorgd. Stel nu jouw trap samen!\" \/>\n<meta name=\"robots\" content=\"index, follow, max-snippet:-1, max-image-preview:large, max-video-preview:-1\" \/>\n<link rel=\"canonical\" href=\"https:\/\/www.devriestrappen.nl\/trappenmaat\/trappenfabriek-belgie\/\" \/>\n<meta property=\"og:locale\" content=\"nl_NL\" \/>\n<meta property=\"og:type\" content=\"article\" \/>\n<meta property=\"og:title\" content=\"Trappenfabriek Belgi\u00eb | Trappenmaat | Bestel een bouwpakket!\" \/>\n<meta property=\"og:description\" content=\"Op zoek naar een trappenfabriek in Belgi\u00eb? Trappenmaat is d\u00e9 webshop die jij nodig hebt. Je bouwpakket wordt aan huis bezorgd. Stel nu jouw trap samen!\" \/>\n<meta property=\"og:url\" content=\"https:\/\/www.devriestrappen.nl\/trappenmaat\/trappenfabriek-belgie\/\" \/>\n<meta property=\"og:site_name\" content=\"Trappenmaat\" \/>\n<meta property=\"article:modified_time\" content=\"2024-12-02T15:49:35+00:00\" \/>\n<meta property=\"og:image\" content=\"https:\/\/www.devriestrappen.nl\/trappenmaat\/wp-content\/uploads\/2025\/06\/Open-trap-wat-is-dat.jpg\" \/>\n\t<meta property=\"og:image:width\" content=\"480\" \/>\n\t<meta property=\"og:image:height\" content=\"480\" \/>\n\t<meta property=\"og:image:type\" content=\"image\/jpeg\" \/>\n<meta name=\"twitter:card\" content=\"summary_large_image\" \/>\n<meta name=\"twitter:label1\" content=\"Geschatte leestijd\" \/>\n\t<meta name=\"twitter:data1\" content=\"5 minuten\" \/>\n<script type=\"application\/ld+json\" class=\"yoast-schema-graph\">{\"@context\":\"https:\/\/schema.org\",\"@graph\":[{\"@type\":\"WebPage\",\"@id\":\"https:\/\/www.devriestrappen.nl\/trappenmaat\/trappenfabriek-belgie\/\",\"url\":\"https:\/\/www.devriestrappen.nl\/trappenmaat\/trappenfabriek-belgie\/\",\"name\":\"Trappenfabriek Belgi\u00eb | Trappenmaat | Bestel een bouwpakket!\",\"isPartOf\":{\"@id\":\"https:\/\/www.devriestrappen.nl\/trappenmaat\/#website\"},\"datePublished\":\"2023-11-16T14:51:19+00:00\",\"dateModified\":\"2024-12-02T15:49:35+00:00\",\"description\":\"Op zoek naar een trappenfabriek in Belgi\u00eb? Trappenmaat is d\u00e9 webshop die jij nodig hebt. Je bouwpakket wordt aan huis bezorgd. Stel nu jouw trap samen!\",\"breadcrumb\":{\"@id\":\"https:\/\/www.devriestrappen.nl\/trappenmaat\/trappenfabriek-belgie\/#breadcrumb\"},\"inLanguage\":\"nl-NL\",\"potentialAction\":[{\"@type\":\"ReadAction\",\"target\":[\"https:\/\/www.devriestrappen.nl\/trappenmaat\/trappenfabriek-belgie\/\"]}]},{\"@type\":\"BreadcrumbList\",\"@id\":\"https:\/\/www.devriestrappen.nl\/trappenmaat\/trappenfabriek-belgie\/#breadcrumb\",\"itemListElement\":[{\"@type\":\"ListItem\",\"position\":1,\"name\":\"Home\",\"item\":\"https:\/\/www.devriestrappen.nl\/trappenmaat\/\"},{\"@type\":\"ListItem\",\"position\":2,\"name\":\"Trappenfabriek Belgi\u00eb\"}]},{\"@type\":\"WebSite\",\"@id\":\"https:\/\/www.devriestrappen.nl\/trappenmaat\/#website\",\"url\":\"https:\/\/www.devriestrappen.nl\/trappenmaat\/\",\"name\":\"Trappenmaat\",\"description\":\"admin\",\"publisher\":{\"@id\":\"https:\/\/www.devriestrappen.nl\/trappenmaat\/#organization\"},\"potentialAction\":[{\"@type\":\"SearchAction\",\"target\":{\"@type\":\"EntryPoint\",\"urlTemplate\":\"https:\/\/www.devriestrappen.nl\/trappenmaat\/?s={search_term_string}\"},\"query-input\":{\"@type\":\"PropertyValueSpecification\",\"valueRequired\":true,\"valueName\":\"search_term_string\"}}],\"inLanguage\":\"nl-NL\"},{\"@type\":\"Organization\",\"@id\":\"https:\/\/www.devriestrappen.nl\/trappenmaat\/#organization\",\"name\":\"Trappenmaat\",\"url\":\"https:\/\/www.devriestrappen.nl\/trappenmaat\/\",\"logo\":{\"@type\":\"ImageObject\",\"inLanguage\":\"nl-NL\",\"@id\":\"https:\/\/www.devriestrappen.nl\/trappenmaat\/#\/schema\/logo\/image\/\",\"url\":\"https:\/\/www.devriestrappen.nl\/trappenmaat\/wp-content\/uploads\/2025\/06\/cropped-DVT003_Secundair_logo_mascotte-hoofd@2x.webp\",\"contentUrl\":\"https:\/\/www.devriestrappen.nl\/trappenmaat\/wp-content\/uploads\/2025\/06\/cropped-DVT003_Secundair_logo_mascotte-hoofd@2x.webp\",\"width\":213,\"height\":70,\"caption\":\"Trappenmaat\"},\"image\":{\"@id\":\"https:\/\/www.devriestrappen.nl\/trappenmaat\/#\/schema\/logo\/image\/\"}}]}<\/script>\n<!-- \/ Yoast SEO plugin. -->","yoast_head_json":{"title":"Trappenfabriek Belgi\u00eb | Trappenmaat | Bestel een bouwpakket!","description":"Op zoek naar een trappenfabriek in Belgi\u00eb? Trappenmaat is d\u00e9 webshop die jij nodig hebt. Je bouwpakket wordt aan huis bezorgd. Stel nu jouw trap samen!","robots":{"index":"index","follow":"follow","max-snippet":"max-snippet:-1","max-image-preview":"max-image-preview:large","max-video-preview":"max-video-preview:-1"},"canonical":"https:\/\/www.devriestrappen.nl\/trappenmaat\/trappenfabriek-belgie\/","og_locale":"nl_NL","og_type":"article","og_title":"Trappenfabriek Belgi\u00eb | Trappenmaat | Bestel een bouwpakket!","og_description":"Op zoek naar een trappenfabriek in Belgi\u00eb? Trappenmaat is d\u00e9 webshop die jij nodig hebt. Je bouwpakket wordt aan huis bezorgd. Stel nu jouw trap samen!","og_url":"https:\/\/www.devriestrappen.nl\/trappenmaat\/trappenfabriek-belgie\/","og_site_name":"Trappenmaat","article_modified_time":"2024-12-02T15:49:35+00:00","og_image":[{"width":480,"height":480,"url":"https:\/\/www.devriestrappen.nl\/trappenmaat\/wp-content\/uploads\/2025\/06\/Open-trap-wat-is-dat.jpg","type":"image\/jpeg"}],"twitter_card":"summary_large_image","twitter_misc":{"Geschatte leestijd":"5 minuten"},"schema":{"@context":"https:\/\/schema.org","@graph":[{"@type":"WebPage","@id":"https:\/\/www.devriestrappen.nl\/trappenmaat\/trappenfabriek-belgie\/","url":"https:\/\/www.devriestrappen.nl\/trappenmaat\/trappenfabriek-belgie\/","name":"Trappenfabriek Belgi\u00eb | Trappenmaat | Bestel een bouwpakket!","isPartOf":{"@id":"https:\/\/www.devriestrappen.nl\/trappenmaat\/#website"},"datePublished":"2023-11-16T14:51:19+00:00","dateModified":"2024-12-02T15:49:35+00:00","description":"Op zoek naar een trappenfabriek in Belgi\u00eb? Trappenmaat is d\u00e9 webshop die jij nodig hebt. Je bouwpakket wordt aan huis bezorgd. Stel nu jouw trap samen!","breadcrumb":{"@id":"https:\/\/www.devriestrappen.nl\/trappenmaat\/trappenfabriek-belgie\/#breadcrumb"},"inLanguage":"nl-NL","potentialAction":[{"@type":"ReadAction","target":["https:\/\/www.devriestrappen.nl\/trappenmaat\/trappenfabriek-belgie\/"]}]},{"@type":"BreadcrumbList","@id":"https:\/\/www.devriestrappen.nl\/trappenmaat\/trappenfabriek-belgie\/#breadcrumb","itemListElement":[{"@type":"ListItem","position":1,"name":"Home","item":"https:\/\/www.devriestrappen.nl\/trappenmaat\/"},{"@type":"ListItem","position":2,"name":"Trappenfabriek Belgi\u00eb"}]},{"@type":"WebSite","@id":"https:\/\/www.devriestrappen.nl\/trappenmaat\/#website","url":"https:\/\/www.devriestrappen.nl\/trappenmaat\/","name":"Trappenmaat","description":"admin","publisher":{"@id":"https:\/\/www.devriestrappen.nl\/trappenmaat\/#organization"},"potentialAction":[{"@type":"SearchAction","target":{"@type":"EntryPoint","urlTemplate":"https:\/\/www.devriestrappen.nl\/trappenmaat\/?s={search_term_string}"},"query-input":{"@type":"PropertyValueSpecification","valueRequired":true,"valueName":"search_term_string"}}],"inLanguage":"nl-NL"},{"@type":"Organization","@id":"https:\/\/www.devriestrappen.nl\/trappenmaat\/#organization","name":"Trappenmaat","url":"https:\/\/www.devriestrappen.nl\/trappenmaat\/","logo":{"@type":"ImageObject","inLanguage":"nl-NL","@id":"https:\/\/www.devriestrappen.nl\/trappenmaat\/#\/schema\/logo\/image\/","url":"https:\/\/www.devriestrappen.nl\/trappenmaat\/wp-content\/uploads\/2025\/06\/cropped-DVT003_Secundair_logo_mascotte-hoofd@2x.webp","contentUrl":"https:\/\/www.devriestrappen.nl\/trappenmaat\/wp-content\/uploads\/2025\/06\/cropped-DVT003_Secundair_logo_mascotte-hoofd@2x.webp","width":213,"height":70,"caption":"Trappenmaat"},"image":{"@id":"https:\/\/www.devriestrappen.nl\/trappenmaat\/#\/schema\/logo\/image\/"}}]}},"_links":{"self":[{"href":"https:\/\/www.devriestrappen.nl\/trappenmaat\/wp-json\/wp\/v2\/pages\/20836","targetHints":{"allow":["GET"]}}],"collection":[{"href":"https:\/\/www.devriestrappen.nl\/trappenmaat\/wp-json\/wp\/v2\/pages"}],"about":[{"href":"https:\/\/www.devriestrappen.nl\/trappenmaat\/wp-json\/wp\/v2\/types\/page"}],"author":[{"embeddable":true,"href":"https:\/\/www.devriestrappen.nl\/trappenmaat\/wp-json\/wp\/v2\/users\/5"}],"replies":[{"embeddable":true,"href":"https:\/\/www.devriestrappen.nl\/trappenmaat\/wp-json\/wp\/v2\/comments?post=20836"}],"version-history":[{"count":2,"href":"https:\/\/www.devriestrappen.nl\/trappenmaat\/wp-json\/wp\/v2\/pages\/20836\/revisions"}],"predecessor-version":[{"id":27830,"href":"https:\/\/www.devriestrappen.nl\/trappenmaat\/wp-json\/wp\/v2\/pages\/20836\/revisions\/27830"}],"wp:attachment":[{"href":"https:\/\/www.devriestrappen.nl\/trappenmaat\/wp-json\/wp\/v2\/media?parent=20836"}],"curies":[{"name":"wp","href":"https:\/\/api.w.org\/{rel}","templated":true}]}}